{"id":18,"date":"2025-12-16T15:42:27","date_gmt":"2025-12-16T15:42:27","guid":{"rendered":"https:\/\/rcunkel.de\/?page_id=18"},"modified":"2025-12-17T14:33:03","modified_gmt":"2025-12-17T14:33:03","slug":"ueber-uns","status":"publish","type":"page","link":"https:\/\/rcunkel.de\/?page_id=18","title":{"rendered":"\u00dcber Uns"},"content":{"rendered":"\n<h2 class=\"wp-block-heading\">Reparieren statt Wegwerfen<\/h2>\n\n\n\n<p>Das Repair-Caf\u00e9 in Unkel ist eine ehrenamtliche Initiative, die sich dem nachhaltigen Ansatz \u201eReparieren statt Wegwerfen\u201c verschrieben hat. Hier treffen sich Menschen, die gemeinsam defekte Alltagsgegenst\u00e4nde reparieren m\u00f6chten, von Haushaltsger\u00e4ten \u00fcber Elektronik bis hin zu Kleidung und Fahrr\u00e4dern. Die Reparaturen werden von erfahrenen freiwilligen Helferinnen und Helfern unterst\u00fctzt, die nicht nur die n\u00f6tigen handwerklichen F\u00e4higkeiten mitbringen, sondern auch ihr Wissen weitergeben.<\/p>\n\n\n\n<h3 class=\"wp-block-heading\">Die Umwelt schonen<\/h3>\n\n\n\n<p>Das Ziel des Repair-Caf\u00e9s Unkel ist es, Ressourcen zu schonen, die Umwelt zu entlasten und zugleich den sozialen Austausch in der Gemeinschaft zu f\u00f6rdern. Besucher haben die M\u00f6glichkeit, Fragen zu stellen und sich mit anderen auszutauschen. Das Repair-Caf\u00e9 bietet zudem eine unkomplizierte M\u00f6glichkeit, Nachhaltigkeit im Alltag aktiv umzusetzen, indem vermeidbarer M\u00fcll reduziert wird.<\/p>\n\n\n\n<h3 class=\"wp-block-heading\">Helfer gesucht<\/h3>\n\n\n\n<p>Wir suchen engagierte Helferinnen und Helfer! Bei uns kann jeder mitmachen, ob mit handwerklichem Geschick, organisatorischem Talent oder einfach als unterst\u00fctzende Hand. Neben der Reparaturarbeit bieten sich viele M\u00f6glichkeiten zum Austausch und zur Zusammenarbeit in einem vielf\u00e4ltigen und offenen Team. Deine Mitwirkung ist herzlich willkommen!<\/p>\n\n\n\n<p>Auch Interessierte, die das Reparaturteam im Bereich Auftragsannahme und Ausgabe von Kaffee unterst\u00fctzen wollen, k\u00f6nnen sich bei dem Initiator Norbert Schuster&nbsp;unter Telefon 0156\/79727769 oder per E-Mail an&nbsp;<a href=\"mailto:norbschu@magenta.de\">rcunkel@web.de<\/a>&nbsp;melden.<\/p>\n\n\n\n<h2 class=\"wp-block-heading\">Das Team:<\/h2>\n\n\n\n<figure class=\"wp-block-image aligncenter size-full is-resized wp-duotone-unset-1\"><img loading=\"lazy\" decoding=\"async\" width=\"2000\" height=\"1500\" src=\"https:\/\/rcunkel.de\/wp-content\/uploads\/2025\/12\/1000082011.jpg\" alt=\"\" class=\"wp-image-154\" style=\"aspect-ratio:1.3346354949215697;width:620px;height:auto\" srcset=\"https:\/\/rcunkel.de\/wp-content\/uploads\/2025\/12\/1000082011.jpg 2000w, https:\/\/rcunkel.de\/wp-content\/uploads\/2025\/12\/1000082011-300x225.jpg 300w, https:\/\/rcunkel.de\/wp-content\/uploads\/2025\/12\/1000082011-1024x768.jpg 1024w, https:\/\/rcunkel.de\/wp-content\/uploads\/2025\/12\/1000082011-768x576.jpg 768w, https:\/\/rcunkel.de\/wp-content\/uploads\/2025\/12\/1000082011-1536x1152.jpg 1536w\" sizes=\"auto, (max-width: 2000px) 100vw, 2000px\" \/><\/figure>\n","protected":false},"excerpt":{"rendered":"<p>Reparieren statt Wegwerfen Das Repair-Caf\u00e9 in Unkel ist eine ehrenamtliche Initiative, die sich dem nachhaltigen Ansatz \u201eReparieren statt Wegwerfen\u201c verschrieben hat. Hier treffen sich Menschen, die gemeinsam defekte Alltagsgegenst\u00e4nde reparieren m\u00f6chten, von Haushaltsger\u00e4ten \u00fcber Elektronik bis hin zu Kleidung und Fahrr\u00e4dern. Die Reparaturen werden von erfahrenen freiwilligen Helferinnen und Helfern unterst\u00fctzt, die nicht nur die [&hellip;]<\/p>\n","protected":false},"author":2,"featured_media":0,"parent":0,"menu_order":0,"comment_status":"closed","ping_status":"closed","template":"","meta":{"footnotes":""},"class_list":["post-18","page","type-page","status-publish","hentry"],"_links":{"self":[{"href":"https:\/\/rcunkel.de\/index.php?rest_route=\/wp\/v2\/pages\/18","targetHints":{"allow":["GET"]}}],"collection":[{"href":"https:\/\/rcunkel.de\/index.php?rest_route=\/wp\/v2\/pages"}],"about":[{"href":"https:\/\/rcunkel.de\/index.php?rest_route=\/wp\/v2\/types\/page"}],"author":[{"embeddable":true,"href":"https:\/\/rcunkel.de\/index.php?rest_route=\/wp\/v2\/users\/2"}],"replies":[{"embeddable":true,"href":"https:\/\/rcunkel.de\/index.php?rest_route=%2Fwp%2Fv2%2Fcomments&post=18"}],"version-history":[{"count":3,"href":"https:\/\/rcunkel.de\/index.php?rest_route=\/wp\/v2\/pages\/18\/revisions"}],"predecessor-version":[{"id":160,"href":"https:\/\/rcunkel.de\/index.php?rest_route=\/wp\/v2\/pages\/18\/revisions\/160"}],"wp:attachment":[{"href":"https:\/\/rcunkel.de\/index.php?rest_route=%2Fwp%2Fv2%2Fmedia&parent=18"}],"curies":[{"name":"wp","href":"https:\/\/api.w.org\/{rel}","templated":true}]}}