{"id":299,"date":"2026-01-25T13:50:32","date_gmt":"2026-01-25T12:50:32","guid":{"rendered":"https:\/\/rcunkel.de\/?page_id=299"},"modified":"2026-01-25T14:22:20","modified_gmt":"2026-01-25T13:22:20","slug":"startseite","status":"publish","type":"page","link":"https:\/\/rcunkel.de\/","title":{"rendered":"Startseite"},"content":{"rendered":"\n<main class=\"wp-block-group has-global-padding is-layout-constrained wp-block-group-is-layout-constrained\" style=\"margin-top:0;margin-bottom:0\">\n<div class=\"wp-block-group alignwide has-white-background-color has-background has-global-padding is-layout-constrained wp-container-core-group-is-layout-b48e4463 wp-block-group-is-layout-constrained\" style=\"border-top-left-radius:10px;border-top-right-radius:10px;border-bottom-left-radius:10px;border-bottom-right-radius:10px;padding-top:var(--wp--preset--spacing--40);padding-right:var(--wp--preset--spacing--40);padding-bottom:var(--wp--preset--spacing--70);padding-left:var(--wp--preset--spacing--40)\">\n<div class=\"wp-block-columns alignwide is-layout-flex wp-container-core-columns-is-layout-12beab2d wp-block-columns-is-layout-flex\">\n<div class=\"wp-block-column is-layout-flow wp-block-column-is-layout-flow\">\n<div class=\"wp-block-group is-layout-flow wp-block-group-is-layout-flow\">\n<div class=\"wp-block-group is-nowrap is-layout-flex wp-container-core-group-is-layout-6c531013 wp-block-group-is-layout-flex\">\n<div class=\"wp-block-group has-global-padding is-layout-constrained wp-block-group-is-layout-constrained\">\n<figure class=\"wp-block-gallery has-nested-images columns-default is-cropped wp-block-gallery-2 is-layout-flex wp-block-gallery-is-layout-flex\">\n<figure class=\"wp-block-image size-full has-custom-border is-style-default wp-duotone-unset-1\" style=\"margin-top:0;margin-bottom:0\"><img loading=\"lazy\" decoding=\"async\" width=\"115\" height=\"100\" data-id=\"170\" src=\"https:\/\/rcunkel.de\/wp-content\/uploads\/2026\/01\/ChatGPT-Image-4.-Jan.-2026-16_23_55-e1767541232396.png\" alt=\"\" class=\"wp-image-170\" style=\"border-style:none;border-width:0px;border-top-left-radius:0px;border-top-right-radius:0px;border-bottom-left-radius:0px;border-bottom-right-radius:0px;object-fit:cover\"\/><\/figure>\n<\/figure>\n<\/div>\n<\/div>\n\n\n\n<div class=\"wp-block-group is-vertical is-content-justification-stretch is-layout-flex wp-container-core-group-is-layout-7e003bba wp-block-group-is-layout-flex\">\n<h3 class=\"wp-block-heading has-text-align-left\">N\u00e4chste Termine<\/h3>\n\n\n\n<iframe loading=\"lazy\" width=\"350\" height=\"140\" src=\"https:\/\/www.reparatur-initiativen.de\/widgets\/events?id=99773\"><\/iframe>\n<\/div>\n<\/div>\n<\/div>\n\n\n\n<div class=\"wp-block-column is-layout-flow wp-block-column-is-layout-flow\">\n<div class=\"wp-block-group is-layout-flow wp-block-group-is-layout-flow\">\n<div class=\"wp-block-group is-nowrap is-layout-flex wp-container-core-group-is-layout-6c531013 wp-block-group-is-layout-flex\">\n<figure class=\"wp-block-image size-full wp-duotone-unset-3\"><img loading=\"lazy\" decoding=\"async\" width=\"100\" height=\"92\" src=\"https:\/\/rcunkel.de\/wp-content\/uploads\/2026\/01\/ChatGPT-Image-4.-Jan.-2026-16_19_07-1-e1767540375784.png\" alt=\"\" class=\"wp-image-171\" style=\"aspect-ratio:1;object-fit:cover\"\/><\/figure>\n<\/div>\n\n\n\n<div class=\"wp-block-group is-vertical is-content-justification-stretch is-layout-flex wp-container-core-group-is-layout-7e003bba wp-block-group-is-layout-flex\">\n<h3 class=\"wp-block-heading has-text-align-left\">\u00d6ffnungszeiten<\/h3>\n\n\n\n<p>jeden 2. und 4. Mittwoch im <br>Monat von 15 bis 17 Uhr <br>(an Feiertagen findet der Termin&nbsp;<strong>nicht<\/strong>&nbsp;statt)<\/p>\n\n\n\n<p>Annahmeschluss f\u00fcr <br>Reparaturen ist jeweils um 16:30h<\/p>\n<\/div>\n<\/div>\n<\/div>\n\n\n\n<div class=\"wp-block-column is-layout-flow wp-block-column-is-layout-flow\">\n<div class=\"wp-block-group is-layout-flow wp-block-group-is-layout-flow\">\n<div class=\"wp-block-group is-nowrap is-layout-flex wp-container-core-group-is-layout-6c531013 wp-block-group-is-layout-flex\">\n<div class=\"wp-block-group has-global-padding is-layout-constrained wp-block-group-is-layout-constrained\">\n<figure class=\"wp-block-image size-full wp-duotone-unset-4\"><img decoding=\"async\" src=\"https:\/\/rcunkel.de\/wp-content\/uploads\/2025\/12\/ChatGPT-Image-16.-Dez.-2025-10_47_35-e1765878476675.png\" alt=\"\" class=\"wp-image-59\" style=\"aspect-ratio:1;object-fit:cover\"\/><\/figure>\n<\/div>\n<\/div>\n\n\n\n<div class=\"wp-block-group is-vertical is-content-justification-stretch is-layout-flex wp-container-core-group-is-layout-7e003bba wp-block-group-is-layout-flex\">\n<h3 class=\"wp-block-heading has-text-align-left\">Kontakt <\/h3>\n\n\n\n<p>Telefon 0156\/79727769<\/p>\n\n\n\n<p>E-Mail an&nbsp;<a href=\"mailto:rcunkel@web.de\">rcunkel@web.de<\/a><\/p>\n\n\n\n<h3 class=\"wp-block-heading\">Standort<\/h3>\n\n\n\n<p>Schulstra\u00dfe 6<\/p>\n\n\n\n<p>53572 Unkel<\/p>\n<\/div>\n<\/div>\n<\/div>\n<\/div>\n<\/div>\n\n\n\n<div style=\"height:60px\" aria-hidden=\"true\" class=\"wp-block-spacer\"><\/div>\n\n\n\n<h2 class=\"wp-block-heading has-text-align-center\">Was wir bieten<\/h2>\n\n\n\n<p class=\"has-text-align-center\">Unser Reparaturcaf\u00e9 ist ein Ort der Begegnung, des Lernens und der Hilfsbereitschaft.<\/p>\n\n\n\n<div class=\"wp-block-group alignwide has-white-background-color has-background is-nowrap is-layout-flex wp-container-core-group-is-layout-0efd0f23 wp-block-group-is-layout-flex\" style=\"border-top-left-radius:10px;border-top-right-radius:10px;border-bottom-left-radius:10px;border-bottom-right-radius:10px;padding-top:var(--wp--preset--spacing--40);padding-right:var(--wp--preset--spacing--40);padding-bottom:var(--wp--preset--spacing--70);padding-left:var(--wp--preset--spacing--40)\">\n<div class=\"wp-block-columns alignwide is-layout-flex wp-container-core-columns-is-layout-12beab2d wp-block-columns-is-layout-flex\">\n<div class=\"wp-block-column is-layout-flow wp-block-column-is-layout-flow\">\n<div class=\"wp-block-group is-layout-flow wp-block-group-is-layout-flow\">\n<div class=\"wp-block-group is-vertical is-content-justification-stretch is-layout-flex wp-container-core-group-is-layout-7e003bba wp-block-group-is-layout-flex\">\n<h3 class=\"wp-block-heading has-text-align-left\">Kostenlose Reparatur<\/h3>\n\n\n\n<p>12 Helfer und eine Helferin sind bei <br>der Reparaturinitiative aktiv und w\u00fcnschen sich viele Reparatur-Anforderungen. Repariert wird <br>nahezu alles, bis auf Gro\u00dfger\u00e4te <br>(Waschmaschine, Herde etc.)<\/p>\n<\/div>\n<\/div>\n<\/div>\n\n\n\n<div class=\"wp-block-column is-layout-flow wp-block-column-is-layout-flow\">\n<div class=\"wp-block-group is-layout-flow wp-block-group-is-layout-flow\">\n<div class=\"wp-block-group is-vertical is-content-justification-stretch is-layout-flex wp-container-core-group-is-layout-7e003bba wp-block-group-is-layout-flex\">\n<h3 class=\"wp-block-heading has-text-align-left\">Nachhaltig<\/h3>\n\n\n\n<p>Gemeinsam reduzieren wir Elektroschrott und schonen wertvolle Ressourcen.<\/p>\n<\/div>\n<\/div>\n<\/div>\n\n\n\n<div class=\"wp-block-column is-layout-flow wp-block-column-is-layout-flow\">\n<div class=\"wp-block-group is-layout-flow wp-block-group-is-layout-flow\">\n<div class=\"wp-block-group is-vertical is-content-justification-stretch is-layout-flex wp-container-core-group-is-layout-7e003bba wp-block-group-is-layout-flex\">\n<h3 class=\"wp-block-heading has-text-align-left\">Ehrenamtlich<\/h3>\n\n\n\n<p>Das Repair Caf\u00e9 wird von reparaturerfahrenen Helferinnen und Helfern auf ehrenamtlicher Basis betrieben.<\/p>\n<\/div>\n<\/div>\n<\/div>\n\n\n\n<div class=\"wp-block-column is-layout-flow wp-block-column-is-layout-flow\">\n<div class=\"wp-block-group is-layout-flow wp-block-group-is-layout-flow\">\n<div class=\"wp-block-group is-vertical is-content-justification-stretch is-layout-flex wp-container-core-group-is-layout-7e003bba wp-block-group-is-layout-flex\">\n<h3 class=\"wp-block-heading has-text-align-left\">Gemeinschaft<\/h3>\n\n\n\n<p>Lernen Sie von erfahrenen Reparateuren und tauschen Sie sich mit Gleichgesinnten aus<\/p>\n<\/div>\n<\/div>\n<\/div>\n<\/div>\n<\/div>\n\n\n\n<div class=\"wp-block-group is-layout-flow wp-block-group-is-layout-flow\">\n<div class=\"wp-block-group has-global-padding is-layout-constrained wp-block-group-is-layout-constrained\">\n<h2 class=\"wp-block-heading has-text-align-center\">Anfahrt<\/h2>\n\n\n\n<iframe src=\"https:\/\/www.google.com\/maps\/embed?pb=!1m18!1m12!1m3!1d2532.5653272361205!2d7.216097412319802!3d50.598031976608134!2m3!1f0!2f0!3f0!3m2!1i1024!2i768!4f13.1!3m3!1m2!1s0x47befa9932970f75%3A0x479323bf18d0e794!2sSchulstra%C3%9Fe%206%2C%2053572%20Unkel!5e0!3m2!1sde!2sde!4v1765898378560!5m2!1sde!2sde\" width=\"600\" height=\"450\" style=\"border:0;\" allowfullscreen=\"\" loading=\"lazy\" referrerpolicy=\"no-referrer-when-downgrade\"><\/iframe>\n\n\n\n<p><strong>Schulstra\u00dfe 6, 53572 Unkel<\/strong><\/p>\n<\/div>\n<\/div>\n\n\n\n<figure class=\"wp-block-image size-large is-style-default wp-duotone-unset-5\"><img loading=\"lazy\" decoding=\"async\" width=\"1024\" height=\"285\" src=\"https:\/\/rcunkel.de\/wp-content\/uploads\/2025\/12\/treffpunkt-high-1024x285.webp\" alt=\"\" class=\"wp-image-74\" srcset=\"https:\/\/rcunkel.de\/wp-content\/uploads\/2025\/12\/treffpunkt-high-1024x285.webp 1024w, https:\/\/rcunkel.de\/wp-content\/uploads\/2025\/12\/treffpunkt-high-300x83.webp 300w, https:\/\/rcunkel.de\/wp-content\/uploads\/2025\/12\/treffpunkt-high-768x214.webp 768w, https:\/\/rcunkel.de\/wp-content\/uploads\/2025\/12\/treffpunkt-high-1536x427.webp 1536w, https:\/\/rcunkel.de\/wp-content\/uploads\/2025\/12\/treffpunkt-high.webp 1917w\" sizes=\"auto, (max-width: 1024px) 100vw, 1024px\" \/><\/figure>\n\n\n\n<div style=\"height:60px\" aria-hidden=\"true\" class=\"wp-block-spacer\"><\/div>\n\n\n\n<div class=\"wp-block-group alignfull has-background has-global-padding is-layout-constrained wp-block-group-is-layout-constrained\" style=\"background-color:#8fccd1;padding-top:var(--wp--preset--spacing--60);padding-bottom:var(--wp--preset--spacing--60)\">\n<h2 class=\"wp-block-heading has-text-align-center\">News<\/h2>\n\n\n<ul class=\"wp-block-latest-posts__list has-dates wp-block-latest-posts has-medium-font-size\"><li><a class=\"wp-block-latest-posts__post-title\" href=\"https:\/\/rcunkel.de\/?p=322\">Erfolgsbilanz im Repair-Caf\u00e9 Unkel:<\/a><time datetime=\"2026-01-26T14:06:21+01:00\" class=\"wp-block-latest-posts__post-date\">26. Januar 2026<\/time><div class=\"wp-block-latest-posts__post-excerpt\">45 Ger\u00e4te vor dem Schrott gerettet UNKEL.\u00a0Seit dem Start am 27. August 2025 hat sich das Repair-Caf\u00e9 Unkel als feste Anlaufstelle f\u00fcr Nachhaltigkeit etabliert. Die erste Zwischenbilanz zeigt: Die ehrenamtlichen Reparatur-Profis haben alle H\u00e4nde voll zu tun \u2013 mit einer beeindruckenden Erfolgsquote. Starke Quote f\u00fcr die Umwelt Insgesamt wurden seit der Er\u00f6ffnung 60 Ger\u00e4te von\u2026\u00a0<a class=\"wp-block-latest-posts__read-more\" href=\"https:\/\/rcunkel.de\/?p=322\" rel=\"noopener noreferrer\"><span class=\"screen-reader-text\">Erfolgsbilanz im Repair-Caf\u00e9 Unkel: <\/span>weiterlesen<\/a><\/div><\/li>\n<\/ul>\n\n\n<div style=\"height:50px\" aria-hidden=\"true\" class=\"wp-block-spacer\"><\/div>\n<\/div>\n<\/main>\n","protected":false},"excerpt":{"rendered":"<p>N\u00e4chste Termine \u00d6ffnungszeiten jeden 2. und 4. Mittwoch im Monat von 15 bis 17 Uhr (an Feiertagen findet der Termin&nbsp;nicht&nbsp;statt) Annahmeschluss f\u00fcr Reparaturen ist jeweils um 16:30h Kontakt Telefon 0156\/79727769 E-Mail an&nbsp;rcunkel@web.de Standort Schulstra\u00dfe 6 53572 Unkel Was wir bieten Unser Reparaturcaf\u00e9 ist ein Ort der Begegnung, des Lernens und der Hilfsbereitschaft. Kostenlose Reparatur 12 [&hellip;]<\/p>\n","protected":false},"author":2,"featured_media":0,"parent":0,"menu_order":0,"comment_status":"closed","ping_status":"closed","template":"startseite","meta":{"footnotes":""},"class_list":["post-299","page","type-page","status-publish","hentry"],"_links":{"self":[{"href":"https:\/\/rcunkel.de\/index.php?rest_route=\/wp\/v2\/pages\/299","targetHints":{"allow":["GET"]}}],"collection":[{"href":"https:\/\/rcunkel.de\/index.php?rest_route=\/wp\/v2\/pages"}],"about":[{"href":"https:\/\/rcunkel.de\/index.php?rest_route=\/wp\/v2\/types\/page"}],"author":[{"embeddable":true,"href":"https:\/\/rcunkel.de\/index.php?rest_route=\/wp\/v2\/users\/2"}],"replies":[{"embeddable":true,"href":"https:\/\/rcunkel.de\/index.php?rest_route=%2Fwp%2Fv2%2Fcomments&post=299"}],"version-history":[{"count":2,"href":"https:\/\/rcunkel.de\/index.php?rest_route=\/wp\/v2\/pages\/299\/revisions"}],"predecessor-version":[{"id":309,"href":"https:\/\/rcunkel.de\/index.php?rest_route=\/wp\/v2\/pages\/299\/revisions\/309"}],"wp:attachment":[{"href":"https:\/\/rcunkel.de\/index.php?rest_route=%2Fwp%2Fv2%2Fmedia&parent=299"}],"curies":[{"name":"wp","href":"https:\/\/api.w.org\/{rel}","templated":true}]}}